{"id":31,"date":"2015-10-21T12:34:01","date_gmt":"2015-10-21T12:34:01","guid":{"rendered":"http:\/\/test.kriesi.at\/construction\/?page_id=31"},"modified":"2016-12-05T15:15:39","modified_gmt":"2016-12-05T13:15:39","slug":"hakkinda","status":"publish","type":"page","link":"https:\/\/galatafilm.com\/tr\/hakkinda\/","title":{"rendered":"Hakk\u0131nda"},"content":{"rendered":"<\/div><\/div><\/div><!-- close content main div --><\/div><\/div><div id='av_section_1' class='avia-section main_color avia-section-default avia-no-border-styling avia-bg-style-scroll   av-minimum-height av-minimum-height-custom av-section-with-video-bg container_wrap fullsize'    data-section-video-ratio='' ><div  data-size='featured'  data-lightbox_size='large'  data-animation='slide'  data-ids=''  data-video_counter='1'  data-autoplay='false'  data-bg_slider='false'  data-slide_height=''  data-handle=''  data-interval='5'  data-class=' av-section-video-bg'  data-css_id=''  data-scroll_down=''  data-control_layout=''  data-custom_markup=''  data-perma_caption=''  data-autoplay_stopper=''  data-image_attachment=''  data-min_height='0px'  data-default-height='28.666666666667'  class='avia-slideshow avia-slideshow-1  av-default-height-applied avia-slideshow-featured   av-section-video-bg avia-slide-slider '  itemscope=\"itemscope\" itemtype=\"https:\/\/schema.org\/ImageObject\" ><ul class='avia-slideshow-inner' style='padding-bottom: 28.666666666667%;'><li  data-controls='disabled' data-mute='1' data-loop='1' data-disable-autoplay=''  data-video-ratio='3.4883720930233' class=' av-video-slide  av-video-service-youtube  av-hide-video-controls av-mute-video av-loop-video av-single-slide slide-1 ' ><div data-rel='slideshow-1' class='avia-slide-wrap'  ><div class='av-click-overlay'><\/div><div class='mejs-mediaelement'><div height='1600' width='900' class='av_youtube_frame' id='player_31_408065899_356376957'  data-autoplay='0'  data-videoid='hosK11eE9vI'  data-hd='1'  data-rel='0'  data-wmode='opaque'  data-playlist='player_31_408065899_356376957'  data-loop='0'  data-version='3'  data-autohide='1'  data-color='white'  data-controls='0'  data-showinfo='0'  data-iv_load_policy='3' ><\/div><\/div><\/div><\/li><\/ul><\/div><div class='container' style='height:420px'><div class='template-page content  av-content-full alpha units'><div class='post-entry post-entry-type-page post-entry-31'><div class='entry-content-wrapper clearfix'>\n<\/div><\/div><\/div><!-- close content main div --><\/div><\/div><div id='av_section_2' class='avia-section main_color avia-section-large avia-no-border-styling av-parallax-section avia-bg-style-parallax   av-minimum-height av-minimum-height-75 container_wrap fullsize' style = 'background-color: #000000; ' data-section-bg-repeat='no-repeat' ><div class='av-parallax' data-avia-parallax-ratio='0.3' ><div class='av-parallax-inner main_color  avia-full-stretch' style = 'background-color: #000000; background-repeat: no-repeat; background-image: url(https:\/\/galatafilm.com\/tr\/wp-content\/uploads\/2015\/10\/about-bg-paralax-3.png); background-attachment: scroll; background-position: top left; ' ><\/div><\/div><div class='container' ><div class='template-page content  av-content-full alpha units'><div class='post-entry post-entry-type-page post-entry-31'><div class='entry-content-wrapper clearfix'>\n<div style='padding-bottom:0px;color:#ff9e16;font-size:32px;' class='av-special-heading av-special-heading-h1 custom-color-heading blockquote modern-quote modern-centered   av-inherit-size '><h1 class='av-special-heading-tag '  itemprop=\"headline\"  >\u00d6ns\u00f6z<\/h1><div class='special-heading-border'><div class='special-heading-inner-border' style='border-color:#ff9e16'><\/div><\/div><\/div>\n<div style=' margin-top:5px; margin-bottom:75px;'  class='hr hr-custom hr-center hr-icon-no  '><span class='hr-inner   inner-border-av-border-fat' style=' width:50px; border-color:#ff9e16;' ><span class='hr-inner-style'><\/span><\/span><\/div>\n<div class=\"flex_column av_one_fifth  flex_column_div av-zero-column-padding first  \" style='border-radius:0px; '><section class=\"av_textblock_section \"  itemscope=\"itemscope\" itemtype=\"https:\/\/schema.org\/CreativeWork\" ><div class='avia_textblock  '   itemprop=\"text\" ><\/div><\/section><\/div><div class=\"flex_column av_three_fifth  flex_column_div av-zero-column-padding   \" style='border-radius:0px; '><section class=\"av_textblock_section \"  itemscope=\"itemscope\" itemtype=\"https:\/\/schema.org\/CreativeWork\" ><div class='avia_textblock  av_inherit_color '  style='color:#ff9e16; '  itemprop=\"text\" ><h2 style=\"text-align: center;\">Alt\u0131n \u00e7a\u011f\u0131n\u0131 ya\u015fayan T\u00fcrk Sinemas\u0131, hem ula\u015ft\u0131\u011f\u0131 seyirci say\u0131s\u0131 hem de kazand\u0131\u011f\u0131 uluslararas\u0131 \u00f6d\u00fcllerle d\u00fcnya sinema sekt\u00f6r\u00fcnde \u00f6nemli bir rol \u00fcstleniyor.<\/h2>\n<h4 style=\"text-align: center;\"><span style=\"color: #ff9e16;\">De\u011fi\u015fen sosyo-ekonomik ve sosyo-k\u00fclt\u00fcrel ko\u015fullara paralel olarak, \u00f6zellikle 80\u2019li y\u0131llardan sonra bir de\u011fi\u015fim s\u00fcrecine giren T\u00fcrk Sinemas\u0131, 2012 y\u0131l\u0131nda <strong>44 milyonu a\u015fan seyirci<\/strong> say\u0131s\u0131yla son 20 y\u0131l\u0131n en b\u00fcy\u00fck rakam\u0131na ula\u015fm\u0131\u015f bulunuyor.<\/span><\/h4>\n<h4 style=\"text-align: center;\"><span style=\"color: #ff9e16;\">T\u00fcrk sinemas\u0131 kendine \u00f6zg\u00fc diliyle ve ba\u015far\u0131l\u0131 \u00f6rneklerle istikrarl\u0131 b\u00fcy\u00fcmesini s\u00fcrd\u00fcr\u00fcyor.<\/span><\/h4>\n<\/div><\/section><\/div><div class=\"flex_column av_one_fifth  flex_column_div av-zero-column-padding   \" style='border-radius:0px; '><section class=\"av_textblock_section \"  itemscope=\"itemscope\" itemtype=\"https:\/\/schema.org\/CreativeWork\" ><div class='avia_textblock  '   itemprop=\"text\" ><\/div><\/section><\/div>\n\n<\/div><\/div><\/div><!-- close content main div --><\/div><\/div><div id='av_section_3' class='avia-section main_color avia-section-default avia-no-border-styling avia-bg-style-scroll   container_wrap fullsize' style = 'background-color: #000000; '  ><div class='container' ><div class='template-page content  av-content-full alpha units'><div class='post-entry post-entry-type-page post-entry-31'><div class='entry-content-wrapper clearfix'>\n<div style='padding-bottom:0px;color:#ff9e16;font-size:32px;' class='av-special-heading av-special-heading-h2 custom-color-heading blockquote modern-quote modern-centered   av-inherit-size '><h2 class='av-special-heading-tag '  itemprop=\"headline\"  >B\u0130Z K\u0130M\u0130Z?<\/h2><div class='special-heading-border'><div class='special-heading-inner-border' style='border-color:#ff9e16'><\/div><\/div><\/div>\n<div style=' margin-top:5px; margin-bottom:75px;'  class='hr hr-custom hr-center hr-icon-no  '><span class='hr-inner   inner-border-av-border-fat' style=' width:50px; border-color:#ff9e16;' ><span class='hr-inner-style'><\/span><\/span><\/div>\n<div class=\"flex_column av_one_full  flex_column_div av-zero-column-padding first  \" style='border-radius:0px; '><p><div style='padding-bottom:10px;color:#ff9e16;' class='av-special-heading av-special-heading-h3 custom-color-heading    '><h3 class='av-special-heading-tag '  itemprop=\"headline\"  >GALATA FILM<\/h3><div class='special-heading-border'><div class='special-heading-inner-border' style='border-color:#ff9e16'><\/div><\/div><\/div><br \/>\n<section class=\"av_textblock_section \"  itemscope=\"itemscope\" itemtype=\"https:\/\/schema.org\/CreativeWork\" ><div class='avia_textblock  '   itemprop=\"text\" ><h3><span style=\"color: #ff9e16;\">GalataFilm, hem kendi s\u0131n\u0131rlar\u0131 i\u00e7inde hem de uluslararas\u0131 alanda daha itibarl\u0131 bir konum elde eden ve gittik\u00e7e b\u00fcy\u00fcyen T\u00fcrk sinema sekt\u00f6r\u00fcne \u00f6nemli katk\u0131lar vermek i\u00e7in b\u00fcy\u00fck hayallerle yola \u00e7\u0131kt\u0131.<\/span><\/h3>\n<p>B\u00fcy\u00fcme \u00e7a\u011f\u0131ndaki film end\u00fcstrisine yeni ufuklar a\u00e7mak i\u00e7in yola koyulan GalataFilm, finans ve sinema sekt\u00f6r\u00fcndeki uzun y\u0131llara dayanan deneyimlerini birle\u015ftirmek amac\u0131yla bir araya gelen Taha Altayl\u0131, Mustafa Karahan ve Muharrem G\u00fclmez taraf\u0131ndan kuruldu.<\/p>\n<p>GalataFilm ad\u0131n\u0131 sadece \u0130stanbul\u2019da bir semtten alm\u0131yor; Galatlar\u2019\u0131n k\u00f6kl\u00fc ve sa\u011flam hikayesinden, Galata Kulesi\u2019nin y\u0131llara meydan okuyan diren\u00e7li yap\u0131s\u0131ndan ve Galata Kulesi\u2019nden u\u00e7arak Bo\u011faz\u0131 ge\u00e7en Hezarfen\u2019in \u00f6nc\u00fc ve cesur ki\u015fili\u011finden izler ta\u015f\u0131yor.<\/p>\n<p>Bu k\u0131sa zamanda edindi\u011fi tecr\u00fcbe ve kadrosunda bar\u0131nd\u0131rd\u0131\u011f\u0131 farkl\u0131 beceri, deneyim ve bilgi birikimi sayesinde GalataFilm, T\u00fcrk sinema sekt\u00f6r\u00fcn\u00fcn ko\u015fullar\u0131n\u0131 sadece yarat\u0131c\u0131 anlamda de\u011fil, i\u015f modeli ve \u00e7al\u0131\u015fma prensipleri a\u00e7\u0131s\u0131ndan da evrensel standartlara getirmeyi hedefliyor.<\/p>\n<\/div><\/section><\/p><\/div>\n\n<\/div><\/div><\/div><!-- close content main div --><\/div><\/div><div id='av-layout-grid-1' class='av-layout-grid-container entry-content-wrapper main_color av-flex-cells    container_wrap fullsize'   >\n<div class=\"flex_cell no_margin av_one_fifth   \" style='vertical-align:top; padding:30px; '><div class='flex_cell_inner' ><div class='avia-button-wrap avia-button-center '><a href='https:\/\/galatafilm.com\/tr\/portfolio-item\/taha-altayli\/' class='avia-button avia-button-fullwidth   avia-icon_select-no avia-color-custom '  style='color:#848484; background-color:#000000;  ' ><span class='avia_iconbox_title' >TAHA ALTAYLI<\/span><span class='avia_button_background avia-button avia-button-fullwidth avia-color-custom' style='background-color:#303030; '><\/span><\/a><\/div>\n<\/div><\/div><div class=\"flex_cell no_margin av_one_fifth   \" style='vertical-align:top; padding:30px; '><div class='flex_cell_inner' ><div class='avia-button-wrap avia-button-center '><a href='https:\/\/galatafilm.com\/tr\/portfolio-item\/muharrem-gulmez\/' class='avia-button avia-button-fullwidth   avia-icon_select-no avia-color-custom '  style='color:#848484; background-color:#000000;  ' ><span class='avia_iconbox_title' >MUHARREM G\u00dcLMEZ<\/span><span class='avia_button_background avia-button avia-button-fullwidth avia-color-custom' style='background-color:#303030; '><\/span><\/a><\/div>\n<\/div><\/div><div class=\"flex_cell no_margin av_one_fifth   \" style='vertical-align:top; padding:30px; '><div class='flex_cell_inner' ><div class='avia-button-wrap avia-button-center '><a href='https:\/\/galatafilm.com\/tr\/portfolio-item\/stewart-till\/' class='avia-button avia-button-fullwidth   avia-icon_select-no avia-color-custom '  style='color:#848484; background-color:#000000;  ' ><span class='avia_iconbox_title' >STEWART TILL<\/span><span class='avia_button_background avia-button avia-button-fullwidth avia-color-custom' style='background-color:#303030; '><\/span><\/a><\/div>\n<\/div><\/div><div class=\"flex_cell no_margin av_one_fifth   \" style='vertical-align:top; padding:30px; '><div class='flex_cell_inner' ><div class='avia-button-wrap avia-button-center '><a href='https:\/\/galatafilm.com\/tr\/portfolio-item\/mark-cooper\/' class='avia-button avia-button-fullwidth   avia-icon_select-no avia-color-custom '  style='color:#848484; background-color:#000000;  ' ><span class='avia_iconbox_title' >MARK COOPER<\/span><span class='avia_button_background avia-button avia-button-fullwidth avia-color-custom' style='background-color:#303030; '><\/span><\/a><\/div>\n<\/div><\/div><div class=\"flex_cell no_margin av_one_fifth   \" style='vertical-align:top; padding:30px; '><div class='flex_cell_inner' ><div class='avia-button-wrap avia-button-center '><a href='https:\/\/galatafilm.com\/tr\/portfolio-item\/mehmet-ozduygu\/' class='avia-button avia-button-fullwidth   avia-icon_select-no avia-color-custom '  style='color:#848484; background-color:#000000;  ' ><span class='avia_iconbox_title' >MEHMET \u00d6ZDUYGU<\/span><span class='avia_button_background avia-button avia-button-fullwidth avia-color-custom' style='background-color:#303030; '><\/span><\/a><\/div>\n<\/div><\/div><\/div><\/div><\/div><\/div><!-- close content main div --><\/div><\/div><div id='av_section_4' class='avia-section main_color avia-section-default avia-no-border-styling avia-bg-style-scroll   container_wrap fullsize'   ><div class='container' ><div class='template-page content  av-content-full alpha units'><div class='post-entry post-entry-type-page post-entry-31'><div class='entry-content-wrapper clearfix'>\n<div class=\"flex_column av_one_half  flex_column_div av-zero-column-padding first  \" style='border-radius:0px; '><div class='avia-image-container  av-styling-    avia-align-center '  itemscope=\"itemscope\" itemtype=\"https:\/\/schema.org\/ImageObject\"  ><div class='avia-image-container-inner'><img class='avia_image ' src='https:\/\/galatafilm.com\/tr\/wp-content\/uploads\/2015\/10\/galatabig-1.jpg' alt='' title=''   itemprop=\"thumbnailUrl\"  \/><\/div><\/div><\/div><div class=\"flex_column av_one_half  flex_column_div av-zero-column-padding   \" style='border-radius:0px; '><p><div style='padding-bottom:10px;color:#ff9e16;' class='av-special-heading av-special-heading-h3 custom-color-heading   '><h3 class='av-special-heading-tag '  itemprop=\"headline\"  >YEN\u0130 PROJELER, YEN\u0130 UFUKLAR<\/h3><div class='special-heading-border'><div class='special-heading-inner-border' style='border-color:#ff9e16'><\/div><\/div><\/div><br \/>\n<section class=\"av_textblock_section \"  itemscope=\"itemscope\" itemtype=\"https:\/\/schema.org\/CreativeWork\" ><div class='avia_textblock  '   itemprop=\"text\" ><h3><span style=\"color: #ff9e16;\">GalataFilm, \u201cAnadolu\u2019nun Kay\u0131p \u015eark\u0131lar\u0131\u201d adl\u0131 belgeselle 2010 y\u0131l\u0131nda ba\u015flad\u0131\u011f\u0131 yolculu\u011funa, yap\u0131m orta\u011f\u0131 oldu\u011fu 12 milyon dolarl\u0131k \u201cWill\u201d ile devam etti.<\/span><\/h3>\n<p>GalataFilm\u2019in hayata ge\u00e7irdi\u011fi di\u011fer cesur ve yenilik\u00e7i proje ise \u201cEntelk\u00f6y- Efek\u00f6y\u201d. Senaristli\u011fini ve y\u00f6netmenli\u011fini Y\u00fcksel Aksu\u2019nun \u00fcstlendi\u011fi \u201cEntelk\u00f6y- Efek\u00f6y\u201d, hem bir T\u00fcrkiye, hem de bir d\u00fcnya hikayesi. \u0130\u00e7inde bar\u0131nd\u0131rd\u0131\u011f\u0131 b\u00fct\u00fcn yerel tatlar, d\u00fcnyan\u0131n t\u00fcm \u00fclkelerinde ba\u015fka isimlerle, ba\u015fka tan\u0131kl\u0131klarla hep ya\u015fan\u0131yor. Filmin \u00f6nermesi evrensel; meselesi, ulusaldan uluslararas\u0131na ta\u015fan bir mesele. 2011 y\u0131l\u0131 Aral\u0131k ay\u0131nda g\u00f6sterime giren film, 520.000 ki\u015fi taraf\u0131ndan seyredildi ve 23.nc\u00fc Ankara Uluslararas\u0131 Film Festivali\u2019nde En \u0130yi Film ve En \u0130yi Y\u00f6netmen dallar\u0131 dahil 4 \u00f6d\u00fcl kazand\u0131.GalataFilm, b\u00f6yle prestijli bir projenin yap\u0131mc\u0131s\u0131 olman\u0131n gururunu ya\u015f\u0131yor ve \u00e7\u0131kt\u0131\u011f\u0131 bu yolda \u201casla yaln\u0131z y\u00fcr\u00fcmeyece\u011fine\u201d inan\u0131yor\u2026<\/p>\n<p>GalataFilm\u2019in 2013 y\u0131l\u0131ndaki yeni projesi olan ve y\u00f6netmenli\u011fini Caryn Waechter\u2019in yapt\u0131\u011f\u0131 GECEN\u0130N KIZKARDE\u015eL\u0130\u011e\u0130 ( The Sisterhood Of Night ) isimli filmin \u00e7ekimleri New York\u2019ta tamamland\u0131.<\/p>\n<p>Bir\u00e7ok prestijli filmde yap\u0131mc\u0131l\u0131k yapm\u0131\u015f olan Mark Cooper ile \u00a0film da\u011f\u0131t\u0131m sekt\u00f6r\u00fcnde 30 y\u0131l\u0131 a\u015fk\u0131n deneyime sahip olan Mehmet \u00d6zduygu\u2019yu da b\u00fcnyesine katan GalataFilm, ayn\u0131 zamanda SONAR ENTERTAINMENT\u2019in ba\u015fkan\u0131, \u0130ngiliz sinemas\u0131n\u0131n en \u00f6nemli 100 ki\u015fisi aras\u0131nda g\u00f6sterilen Stewart Till ile stratejik ortakl\u0131k yapma karar\u0131 alm\u0131\u015f olup yeni uluslararas\u0131 projeler i\u00e7in g\u00f6r\u00fc\u015fmelerini s\u00fcrd\u00fcrmektedir.<\/p>\n<\/div><\/section><\/p><\/div>\n<\/p>\n","protected":false},"excerpt":{"rendered":"","protected":false},"author":1,"featured_media":0,"parent":0,"menu_order":0,"comment_status":"closed","ping_status":"closed","template":"","meta":{"footnotes":""},"class_list":["post-31","page","type-page","status-publish","hentry"],"_links":{"self":[{"href":"https:\/\/galatafilm.com\/tr\/wp-json\/wp\/v2\/pages\/31","targetHints":{"allow":["GET"]}}],"collection":[{"href":"https:\/\/galatafilm.com\/tr\/wp-json\/wp\/v2\/pages"}],"about":[{"href":"https:\/\/galatafilm.com\/tr\/wp-json\/wp\/v2\/types\/page"}],"author":[{"embeddable":true,"href":"https:\/\/galatafilm.com\/tr\/wp-json\/wp\/v2\/users\/1"}],"replies":[{"embeddable":true,"href":"https:\/\/galatafilm.com\/tr\/wp-json\/wp\/v2\/comments?post=31"}],"version-history":[{"count":16,"href":"https:\/\/galatafilm.com\/tr\/wp-json\/wp\/v2\/pages\/31\/revisions"}],"predecessor-version":[{"id":873,"href":"https:\/\/galatafilm.com\/tr\/wp-json\/wp\/v2\/pages\/31\/revisions\/873"}],"wp:attachment":[{"href":"https:\/\/galatafilm.com\/tr\/wp-json\/wp\/v2\/media?parent=31"}],"curies":[{"name":"wp","href":"https:\/\/api.w.org\/{rel}","templated":true}]}}