{"id":786,"date":"2016-04-23T16:35:06","date_gmt":"2016-04-23T13:35:06","guid":{"rendered":"http:\/\/galatafilm.com\/tr\/?page_id=786"},"modified":"2016-10-27T15:39:09","modified_gmt":"2016-10-27T12:39:09","slug":"haberler","status":"publish","type":"page","link":"https:\/\/galatafilm.com\/tr\/haberler\/","title":{"rendered":"Haberler"},"content":{"rendered":"\t<div style='background:#000000;color:#ffffff;border-color:#888888;' class='av_promobox  avia-button-yes '>\t\t<div class='avia-promocontent'><p>\n<em><img loading=\"lazy\" decoding=\"async\" class=\"size-medium wp-image-868 alignleft\" src=\"https:\/\/galatafilm.com\/tr\/wp-content\/uploads\/2016\/04\/toz-bg-v3-300x185.png\" alt=\"toz-bg-v3\" width=\"300\" height=\"185\" srcset=\"https:\/\/galatafilm.com\/tr\/wp-content\/uploads\/2016\/04\/toz-bg-v3-300x185.png 300w, https:\/\/galatafilm.com\/tr\/wp-content\/uploads\/2016\/04\/toz-bg-v3-768x473.png 768w, https:\/\/galatafilm.com\/tr\/wp-content\/uploads\/2016\/04\/toz-bg-v3.png 1030w, https:\/\/galatafilm.com\/tr\/wp-content\/uploads\/2016\/04\/toz-bg-v3-705x434.png 705w, https:\/\/galatafilm.com\/tr\/wp-content\/uploads\/2016\/04\/toz-bg-v3-450x277.png 450w\" sizes=\"auto, (max-width: 300px) 100vw, 300px\" \/><\/em><span id=\"m_960411276512903823m_-1659223652769861989gmail-docs-internal-guid-014df841-0144-e92d-c6ae-c90f7b68563c\">Antalya 53. Film Festivali\u2019nde hem ulusal hem de uluslararas\u0131 kategorilerde yar\u0131\u015fan iki filmden biri olan<em> Toz<\/em>, <strong>\u201cYarat\u0131c\u0131 \u00d6d\u00fcller\u201d<\/strong> dal\u0131nda <em>Haji Gul Aser<\/em> performans\u0131 ile <strong>En \u0130yi Yard\u0131mc\u0131 Erkek Oyuncu<\/strong> \u00d6d\u00fcl\u00fcn\u00fcn sahibi oldu.<\/span><\/p>\n<\/div><div class='avia-button-wrap avia-button-right '><a href='http:\/\/www.antalyaff.com\/movies\/toz\/' class='avia-button   avia-icon_select-no avia-color-theme-color avia-size-large avia-position-right '   ><span class='avia_iconbox_title' >Devam\u0131n\u0131 Okuyun<\/span><\/a><\/div>\t<\/div>\n\t<div style='background:#000000;color:#ffffff;border-color:#888888;' class='av_promobox  avia-button-yes '>\t\t<div class='avia-promocontent'><p>\n<img loading=\"lazy\" decoding=\"async\" class=\"size-medium wp-image-866 alignleft\" src=\"https:\/\/galatafilm.com\/tr\/wp-content\/uploads\/2016\/04\/tarla-bg-v3-Adana-300x185.png\" alt=\"tarla-bg-v3-adana\" width=\"300\" height=\"185\" srcset=\"https:\/\/galatafilm.com\/tr\/wp-content\/uploads\/2016\/04\/tarla-bg-v3-Adana-300x185.png 300w, https:\/\/galatafilm.com\/tr\/wp-content\/uploads\/2016\/04\/tarla-bg-v3-Adana-768x473.png 768w, https:\/\/galatafilm.com\/tr\/wp-content\/uploads\/2016\/04\/tarla-bg-v3-Adana.png 1030w, https:\/\/galatafilm.com\/tr\/wp-content\/uploads\/2016\/04\/tarla-bg-v3-Adana-705x434.png 705w, https:\/\/galatafilm.com\/tr\/wp-content\/uploads\/2016\/04\/tarla-bg-v3-Adana-450x277.png 450w\" sizes=\"auto, (max-width: 300px) 100vw, 300px\" \/><em>Tarla<\/em>, 23. Adana Alt\u0131n Koza Film Festivali\u2019nde <strong>J\u00fcri \u00d6zel \u00d6d\u00fcl\u00fc<\/strong> ve film oyuncular\u0131ndan <em>Ilgaz Kocat\u00fcrk<\/em>\u2019\u00fcn performans\u0131 ile <strong>Umut Veren Gen\u00e7 Erkek Oyuncu \u00d6d\u00fcllerinin<\/strong> sahibi oldu.<\/p>\n<\/div><div class='avia-button-wrap avia-button-right '><a href='http:\/\/www.altinkoza.org.tr\/23-uluslararasi-aff-ulusal-uzun-metraj-film-yarismasi\/' class='avia-button   avia-icon_select-no avia-color-theme-color avia-size-large avia-position-right '   ><span class='avia_iconbox_title' >Devam\u0131n\u0131 Okuyun<\/span><\/a><\/div>\t<\/div>\n\t<div style='background:#000000;color:#ffffff;border-color:#888888;' class='av_promobox  avia-button-yes '>\t\t<div class='avia-promocontent'><p>\n<img loading=\"lazy\" decoding=\"async\" class=\" wp-image-580 alignleft\" src=\"https:\/\/galatafilm.com\/tr\/wp-content\/uploads\/2015\/10\/tarla-bg-v3-img-2-300x185.png\" alt=\"tarla-bg-v3-img\" width=\"328\" height=\"202\" \/><strong>En \u0130yi \u00d6zg\u00fcn M\u00fczik \u00d6d\u00fcl\u00fc\u00a0<\/strong><em>Tarla\u00a0<\/em>filmiyle\u00a0<em>Do\u011fan Duru<\/em>\u2019ya verildi. \u00d6d\u00fcl\u00fc Mabel Matiz takdim etti.<\/p>\n<\/div><div class='avia-button-wrap avia-button-right '><a href='http:\/\/film.iksv.org\/tr\/film\/3110' class='avia-button   avia-icon_select-no avia-color-theme-color avia-size-large avia-position-right '   ><span class='avia_iconbox_title' >Devam\u0131n\u0131 Okuyun<\/span><\/a><\/div>\t<\/div>\n","protected":false},"excerpt":{"rendered":"","protected":false},"author":1,"featured_media":0,"parent":0,"menu_order":0,"comment_status":"closed","ping_status":"closed","template":"","meta":{"footnotes":""},"class_list":["post-786","page","type-page","status-publish","hentry"],"_links":{"self":[{"href":"https:\/\/galatafilm.com\/tr\/wp-json\/wp\/v2\/pages\/786","targetHints":{"allow":["GET"]}}],"collection":[{"href":"https:\/\/galatafilm.com\/tr\/wp-json\/wp\/v2\/pages"}],"about":[{"href":"https:\/\/galatafilm.com\/tr\/wp-json\/wp\/v2\/types\/page"}],"author":[{"embeddable":true,"href":"https:\/\/galatafilm.com\/tr\/wp-json\/wp\/v2\/users\/1"}],"replies":[{"embeddable":true,"href":"https:\/\/galatafilm.com\/tr\/wp-json\/wp\/v2\/comments?post=786"}],"version-history":[{"count":5,"href":"https:\/\/galatafilm.com\/tr\/wp-json\/wp\/v2\/pages\/786\/revisions"}],"predecessor-version":[{"id":870,"href":"https:\/\/galatafilm.com\/tr\/wp-json\/wp\/v2\/pages\/786\/revisions\/870"}],"wp:attachment":[{"href":"https:\/\/galatafilm.com\/tr\/wp-json\/wp\/v2\/media?parent=786"}],"curies":[{"name":"wp","href":"https:\/\/api.w.org\/{rel}","templated":true}]}}