{"id":842,"date":"2016-05-03T15:44:02","date_gmt":"2016-05-03T12:44:02","guid":{"rendered":"http:\/\/galatafilm.com\/tr\/?page_id=842"},"modified":"2016-05-03T15:46:47","modified_gmt":"2016-05-03T12:46:47","slug":"devam-eden-projeler","status":"publish","type":"page","link":"https:\/\/galatafilm.com\/tr\/devam-eden-projeler\/","title":{"rendered":"Devam Eden Projeler"},"content":{"rendered":"<div style='padding-bottom:10px;' class='av-special-heading av-special-heading-h1  blockquote modern-quote modern-centered  '><h1 class='av-special-heading-tag '  itemprop=\"headline\"  >Devam eden Projeler<\/h1><div class='special-heading-border'><div class='special-heading-inner-border' ><\/div><\/div><\/div>\n<div class='sort_width_container  av-sort-yes' data-portfolio-id='1' ><div id='js_sort_items' ><div class='sort_by_cat hidden '><a href=\"#\" data-filter=\"all_sort\" class=\"all_sort_button active_sort\"><span class=\"inner_sort_button\"><span>T\u00fcm\u00fc<\/span><small class=\"av-cat-count\"> 1 <\/small><\/span><\/a><span class='text-sep devam-eden-projeler_sort_sep'>\/<\/span><a href=\"#\" data-filter=\"devam-eden-projeler_sort\" class=\"devam-eden-projeler_sort_button\" ><span class=\"inner_sort_button\"><span>Devam eden Projeler<\/span><small class='av-cat-count'> 1 <\/small><\/span><\/a><\/div><\/div><\/div><div class=' grid-sort-container isotope   no_margin-container with-excerpt-container grid-total-odd grid-col-1 grid-links-' data-portfolio-id='1'><div data-ajax-id='782' class=' grid-entry flex_column isotope-item all_sort no_margin post-entry post-entry-782 grid-entry-overview grid-loop-1 grid-parity-odd  post-entry-last  devam-eden-projeler_sort  av_fullwidth first special_av_fullwidth '><article class='main_color inner-entry'  itemscope=\"itemscope\" itemtype=\"https:\/\/schema.org\/CreativeWork\" ><div class='av_table_col first portfolio-entry grid-content'><header class=\"entry-content-header\"><h2 class='portfolio-grid-title entry-title'  itemprop=\"headline\" ><a href='https:\/\/galatafilm.com\/tr\/portfolio-item\/bugday\/'>BU\u011eDAY<\/a><\/h2><\/header><div class='entry-content-wrapper'><div class='grid-entry-excerpt entry-content'  itemprop=\"text\" >Parlak bir kariyeri ve bildi\u011fi her \u015feyi terk eden bilim insan\u0131 Cemil Akman ile tohum geneti\u011fi uzman\u0131 Prof. Suat Erin, girilmesi yasak olan \"\u00f6l\u00fc topraklar\"da ne ekiyor?<\/div><\/div><div class=\"avia-arrow\"><\/div><\/div><div class='av_table_col portfolio-grid-image'><a href='https:\/\/galatafilm.com\/tr\/portfolio-item\/bugday\/' title='BU\u011eDAY'  data-rel='grid-1' class='grid-image avia-hover-fx'><img loading=\"lazy\" decoding=\"async\" width=\"1500\" height=\"630\" src=\"https:\/\/galatafilm.com\/tr\/wp-content\/uploads\/2016\/04\/grain-bg-1-1500x840-1-1500x630.png\" class=\"attachment-featured_large size-featured_large wp-post-image\" alt=\"\" \/><\/a><\/div><footer class=\"entry-footer\"><\/footer><\/article><\/div><\/div>\n","protected":false},"excerpt":{"rendered":"","protected":false},"author":1,"featured_media":0,"parent":0,"menu_order":0,"comment_status":"closed","ping_status":"closed","template":"","meta":{"footnotes":""},"class_list":["post-842","page","type-page","status-publish","hentry"],"_links":{"self":[{"href":"https:\/\/galatafilm.com\/tr\/wp-json\/wp\/v2\/pages\/842","targetHints":{"allow":["GET"]}}],"collection":[{"href":"https:\/\/galatafilm.com\/tr\/wp-json\/wp\/v2\/pages"}],"about":[{"href":"https:\/\/galatafilm.com\/tr\/wp-json\/wp\/v2\/types\/page"}],"author":[{"embeddable":true,"href":"https:\/\/galatafilm.com\/tr\/wp-json\/wp\/v2\/users\/1"}],"replies":[{"embeddable":true,"href":"https:\/\/galatafilm.com\/tr\/wp-json\/wp\/v2\/comments?post=842"}],"version-history":[{"count":4,"href":"https:\/\/galatafilm.com\/tr\/wp-json\/wp\/v2\/pages\/842\/revisions"}],"predecessor-version":[{"id":846,"href":"https:\/\/galatafilm.com\/tr\/wp-json\/wp\/v2\/pages\/842\/revisions\/846"}],"wp:attachment":[{"href":"https:\/\/galatafilm.com\/tr\/wp-json\/wp\/v2\/media?parent=842"}],"curies":[{"name":"wp","href":"https:\/\/api.w.org\/{rel}","templated":true}]}}