{"id":847,"date":"2016-05-03T15:50:02","date_gmt":"2016-05-03T12:50:02","guid":{"rendered":"http:\/\/galatafilm.com\/tr\/?page_id=847"},"modified":"2016-05-03T15:50:02","modified_gmt":"2016-05-03T12:50:02","slug":"tamamlanan-projeler","status":"publish","type":"page","link":"https:\/\/galatafilm.com\/tr\/tamamlanan-projeler\/","title":{"rendered":"Tamamlanan Projeler"},"content":{"rendered":"<div style='padding-bottom:10px;' class='av-special-heading av-special-heading-h1  blockquote modern-quote modern-centered  '><h1 class='av-special-heading-tag '  itemprop=\"headline\"  >Tamamlanan Projeler<\/h1><div class='special-heading-border'><div class='special-heading-inner-border' ><\/div><\/div><\/div>\n<div class='sort_width_container  av-sort-yes' data-portfolio-id='1' ><div id='js_sort_items' ><div class='sort_by_cat hidden '><a href=\"#\" data-filter=\"all_sort\" class=\"all_sort_button active_sort\"><span class=\"inner_sort_button\"><span>T\u00fcm\u00fc<\/span><small class=\"av-cat-count\"> 8 <\/small><\/span><\/a><span class='text-sep tamamlanan-projeler_sort_sep'>\/<\/span><a href=\"#\" data-filter=\"tamamlanan-projeler_sort\" class=\"tamamlanan-projeler_sort_button\" ><span class=\"inner_sort_button\"><span>Tamamlanan Projeler<\/span><small class='av-cat-count'> 8 <\/small><\/span><\/a><\/div><\/div><\/div><div class=' grid-sort-container isotope   no_margin-container with-excerpt-container grid-total-even grid-col-1 grid-links-' data-portfolio-id='1'><div data-ajax-id='763' class=' grid-entry flex_column isotope-item all_sort no_margin post-entry post-entry-763 grid-entry-overview grid-loop-1 grid-parity-odd  tamamlanan-projeler_sort  av_fullwidth first special_av_fullwidth '><article class='main_color inner-entry'  itemscope=\"itemscope\" itemtype=\"https:\/\/schema.org\/CreativeWork\" ><div class='av_table_col first portfolio-entry grid-content'><header class=\"entry-content-header\"><h2 class='portfolio-grid-title entry-title'  itemprop=\"headline\" ><a href='https:\/\/galatafilm.com\/tr\/portfolio-item\/toz\/'>TOZ<\/a><\/h2><\/header><div class='entry-content-wrapper'><div class='grid-entry-excerpt entry-content'  itemprop=\"text\" >Azra, Afganistan\u2019da annesinin son iste\u011fini ger\u00e7ekle\u015ftirip, ona miras kalan eve gider. Burada ailesinin eski arkada\u015flar\u0131ndan Ahmed Khan ile tan\u0131\u015f\u0131r. Ahmed Khan\u2019\u0131n ailesiyle ilgili verdi\u011fi \u00fcst\u00fc kapal\u0131 bilgiler ve huzursuz hareketleri Azra\u2019n\u0131n i\u00e7ine g\u00fcnden g\u00fcne artan b\u00fcy\u00fck bir \u015f\u00fcphe d\u00fc\u015f\u00fcr\u00fcr. Ailesinin Afganistan\u2019daki ge\u00e7mi\u015fini ara\u015ft\u0131rmaya ba\u015flayan Azra; ayn\u0131 zamanda amcalar\u0131 oldu\u011funu \u00f6\u011frendi\u011fi Kadim ve Salih gibi ipucu buldu\u011fu isimlerin izini s\u00fcrer. Ula\u015ft\u0131\u011f\u0131 her insan, her bilgi Azra i\u00e7in yeni ve tehlikeli ba\u015fka gizemler do\u011furur. Sava\u015f\u0131n ve co\u011frafyan\u0131n insanlar\u0131n kaderi \u00fczerindeki etkilerini kendi aile s\u0131rlar\u0131 \u00fczerinden \u00f6\u011frenmeye ba\u015flar.<\/div><\/div><div class=\"avia-arrow\"><\/div><\/div><div class='av_table_col portfolio-grid-image'><a href='https:\/\/galatafilm.com\/tr\/portfolio-item\/toz\/' title='TOZ'  data-rel='grid-1' class='grid-image avia-hover-fx'><img loading=\"lazy\" decoding=\"async\" width=\"1500\" height=\"630\" src=\"https:\/\/galatafilm.com\/tr\/wp-content\/uploads\/2016\/04\/toz-bg-1500x630-1.png\" class=\"attachment-featured_large size-featured_large wp-post-image\" alt=\"\" srcset=\"https:\/\/galatafilm.com\/tr\/wp-content\/uploads\/2016\/04\/toz-bg-1500x630-1.png 1500w, https:\/\/galatafilm.com\/tr\/wp-content\/uploads\/2016\/04\/toz-bg-1500x630-1-300x126.png 300w, https:\/\/galatafilm.com\/tr\/wp-content\/uploads\/2016\/04\/toz-bg-1500x630-1-768x323.png 768w, https:\/\/galatafilm.com\/tr\/wp-content\/uploads\/2016\/04\/toz-bg-1500x630-1-1030x433.png 1030w, https:\/\/galatafilm.com\/tr\/wp-content\/uploads\/2016\/04\/toz-bg-1500x630-1-705x296.png 705w, https:\/\/galatafilm.com\/tr\/wp-content\/uploads\/2016\/04\/toz-bg-1500x630-1-450x189.png 450w\" sizes=\"auto, (max-width: 1500px) 100vw, 1500px\" \/><\/a><\/div><footer class=\"entry-footer\"><\/footer><\/article><\/div><div data-ajax-id='640' class=' grid-entry flex_column isotope-item all_sort no_margin post-entry post-entry-640 grid-entry-overview grid-loop-2 grid-parity-even  tamamlanan-projeler_sort  av_fullwidth first special_av_fullwidth '><article class='main_color inner-entry'  itemscope=\"itemscope\" itemtype=\"https:\/\/schema.org\/CreativeWork\" ><div class='av_table_col first portfolio-entry grid-content'><header class=\"entry-content-header\"><h2 class='portfolio-grid-title entry-title'  itemprop=\"headline\" ><a href='https:\/\/galatafilm.com\/tr\/portfolio-item\/tarla\/'>TARLA<\/a><\/h2><\/header><div class='entry-content-wrapper'><div class='grid-entry-excerpt entry-content'  itemprop=\"text\" >H\u0131rs\u0131 ve hayalleri y\u00fcz\u00fcnden bor\u00e7 bata\u011f\u0131na saplanan Tar\u0131k, eve ve i\u015fyerine gelen hacizle sars\u0131l\u0131r. E\u015fiyle de ayr\u0131l\u0131k noktas\u0131na gelir. Banka ve tefecinin bask\u0131s\u0131ndan bunalsa da sonuna kadar m\u00fccadele etmek niyetindedir. Son \u00e7are, memleketindeki tarlan\u0131n sat\u0131lmas\u0131d\u0131r. Ailesiyle konu\u015fmak i\u00e7in yanlar\u0131na gider. Baba \u00f6nce \u00e7ekimser kalsa da, annenin telkiniyle ellerindeki yeg\u00e2ne tarlay\u0131 evlatlar\u0131na vermeyi kabul eder. A\u011fabeyine yard\u0131mc\u0131 olmas\u0131 i\u00e7in k\u00fc\u00e7\u00fck karde\u015f Emre\u2019yi de \u0130stanbul\u2019a gitmeye zorlarlar. Tar\u0131k istemese de karde\u015fiyle \u0130stanbul\u2019a yola \u00e7\u0131kar. \u0130ki karde\u015f ge\u00e7mi\u015flerini ve birbirini sorgularken hi\u00e7 olmad\u0131klar\u0131 kadar yak\u0131nla\u015facakt\u0131r.<\/div><\/div><div class=\"avia-arrow\"><\/div><\/div><div class='av_table_col portfolio-grid-image'><a href='https:\/\/galatafilm.com\/tr\/portfolio-item\/tarla\/' title='TARLA'  data-rel='grid-1' class='grid-image avia-hover-fx'><img loading=\"lazy\" decoding=\"async\" width=\"1500\" height=\"630\" src=\"https:\/\/galatafilm.com\/tr\/wp-content\/uploads\/2016\/03\/tarla-bg-v2-1-1500x630.png\" class=\"attachment-featured_large size-featured_large wp-post-image\" alt=\"\" srcset=\"https:\/\/galatafilm.com\/tr\/wp-content\/uploads\/2016\/03\/tarla-bg-v2-1-1500x630.png 1500w, https:\/\/galatafilm.com\/tr\/wp-content\/uploads\/2016\/03\/tarla-bg-v2-1-1500x630-300x126.png 300w, https:\/\/galatafilm.com\/tr\/wp-content\/uploads\/2016\/03\/tarla-bg-v2-1-1500x630-768x323.png 768w, https:\/\/galatafilm.com\/tr\/wp-content\/uploads\/2016\/03\/tarla-bg-v2-1-1500x630-1030x433.png 1030w, https:\/\/galatafilm.com\/tr\/wp-content\/uploads\/2016\/03\/tarla-bg-v2-1-1500x630-705x296.png 705w, https:\/\/galatafilm.com\/tr\/wp-content\/uploads\/2016\/03\/tarla-bg-v2-1-1500x630-450x189.png 450w\" sizes=\"auto, (max-width: 1500px) 100vw, 1500px\" \/><\/a><\/div><footer class=\"entry-footer\"><\/footer><\/article><\/div><div data-ajax-id='721' class=' grid-entry flex_column isotope-item all_sort no_margin post-entry post-entry-721 grid-entry-overview grid-loop-3 grid-parity-odd  tamamlanan-projeler_sort  av_fullwidth first special_av_fullwidth '><article class='main_color inner-entry'  itemscope=\"itemscope\" itemtype=\"https:\/\/schema.org\/CreativeWork\" ><div class='av_table_col first portfolio-entry grid-content'><header class=\"entry-content-header\"><h2 class='portfolio-grid-title entry-title'  itemprop=\"headline\" ><a href='https:\/\/galatafilm.com\/tr\/portfolio-item\/geriye-kalan\/'>GER\u0130YE KALAN<\/a><\/h2><\/header><div class='entry-content-wrapper'><div class='grid-entry-excerpt entry-content'  itemprop=\"text\" >7 y\u0131ld\u0131r evli olan Sevda\u2019n\u0131n g\u00fczel ve d\u00fczenli d\u00fcnyas\u0131 kocas\u0131 Cezmi\u2019nin kendisini ayn\u0131 hastanede \u00e7al\u0131\u015fan Zuhal\u2019le aldatt\u0131\u011f\u0131n\u0131 fark etmesiyle sars\u0131l\u0131r. Cezmi\u2019yle olan evlili\u011fi Sevda\u2019n\u0131n hayattaki en b\u00fcy\u00fck ba\u015far\u0131s\u0131d\u0131r. Cezmi onun koruyucusu, g\u00fcvencesi, sosyal ve duygusal s\u0131\u011f\u0131na\u011f\u0131d\u0131r. Yaln\u0131z kalmaktan, k\u00fc\u00e7\u00fck k\u0131z\u0131n\u0131 babas\u0131z b\u00fcy\u00fctmekten, evini ve gelecek hayallerini kaybetmekten korkar. \u201c\u00d6teki kad\u0131n\u201d Zuhal ise Sevda\u2019n\u0131n ka\u00e7mak i\u00e7in onca \u00e7abalad\u0131\u011f\u0131 hayat\u0131 ya\u015famaktad\u0131r.<\/div><\/div><div class=\"avia-arrow\"><\/div><\/div><div class='av_table_col portfolio-grid-image'><a href='https:\/\/galatafilm.com\/tr\/portfolio-item\/geriye-kalan\/' title='GER\u0130YE KALAN'  data-rel='grid-1' class='grid-image avia-hover-fx'><img loading=\"lazy\" decoding=\"async\" width=\"1500\" height=\"630\" src=\"https:\/\/galatafilm.com\/tr\/wp-content\/uploads\/2016\/04\/geriye-kalan-bg.png\" class=\"attachment-featured_large size-featured_large wp-post-image\" alt=\"\" srcset=\"https:\/\/galatafilm.com\/tr\/wp-content\/uploads\/2016\/04\/geriye-kalan-bg.png 1500w, https:\/\/galatafilm.com\/tr\/wp-content\/uploads\/2016\/04\/geriye-kalan-bg-300x126.png 300w, https:\/\/galatafilm.com\/tr\/wp-content\/uploads\/2016\/04\/geriye-kalan-bg-768x323.png 768w, https:\/\/galatafilm.com\/tr\/wp-content\/uploads\/2016\/04\/geriye-kalan-bg-1030x433.png 1030w, https:\/\/galatafilm.com\/tr\/wp-content\/uploads\/2016\/04\/geriye-kalan-bg-705x296.png 705w, https:\/\/galatafilm.com\/tr\/wp-content\/uploads\/2016\/04\/geriye-kalan-bg-450x189.png 450w\" sizes=\"auto, (max-width: 1500px) 100vw, 1500px\" \/><\/a><\/div><footer class=\"entry-footer\"><\/footer><\/article><\/div><div data-ajax-id='722' class=' grid-entry flex_column isotope-item all_sort no_margin post-entry post-entry-722 grid-entry-overview grid-loop-4 grid-parity-even  tamamlanan-projeler_sort  av_fullwidth first special_av_fullwidth '><article class='main_color inner-entry'  itemscope=\"itemscope\" itemtype=\"https:\/\/schema.org\/CreativeWork\" ><div class='av_table_col first portfolio-entry grid-content'><header class=\"entry-content-header\"><h2 class='portfolio-grid-title entry-title'  itemprop=\"headline\" ><a href='https:\/\/galatafilm.com\/tr\/portfolio-item\/8-saniye\/'>8 SAN\u0130YE<\/a><\/h2><\/header><div class='entry-content-wrapper'><div class='grid-entry-excerpt entry-content'  itemprop=\"text\" >Berlinli bir T\u00fcrk k\u0131z\u0131 olan Esra, \u00e7ocuklu\u011fundan itibaren, birbirine paralel iki hayat ya\u015far.\r\n\r\nUyan\u0131k oldu\u011fu zamanlarda, bir ailenin be\u015finci k\u0131z \u00e7ocu\u011fu olarak, merakl\u0131 ve asi bir yumurcakken; uykuya dald\u0131\u011f\u0131nda ise, gizemli bir adam\u0131n ona rehberlik etti\u011fi renkli r\u00fcyalar\u0131n kahraman\u0131d\u0131r.\r\n\r\nKimseye anlatamad\u0131\u011f\u0131 bu durum, Esra\u2019n\u0131n hayat\u0131n\u0131 olduk\u00e7a zorla\u015ft\u0131r\u0131r\u2026<\/div><\/div><div class=\"avia-arrow\"><\/div><\/div><div class='av_table_col portfolio-grid-image'><a href='https:\/\/galatafilm.com\/tr\/portfolio-item\/8-saniye\/' title='8 SAN\u0130YE'  data-rel='grid-1' class='grid-image avia-hover-fx'><img loading=\"lazy\" decoding=\"async\" width=\"1500\" height=\"630\" src=\"https:\/\/galatafilm.com\/tr\/wp-content\/uploads\/2016\/04\/8saniye-bg-1500x630-1.png\" class=\"attachment-featured_large size-featured_large wp-post-image\" alt=\"\" srcset=\"https:\/\/galatafilm.com\/tr\/wp-content\/uploads\/2016\/04\/8saniye-bg-1500x630-1.png 1500w, https:\/\/galatafilm.com\/tr\/wp-content\/uploads\/2016\/04\/8saniye-bg-1500x630-1-300x126.png 300w, https:\/\/galatafilm.com\/tr\/wp-content\/uploads\/2016\/04\/8saniye-bg-1500x630-1-768x323.png 768w, https:\/\/galatafilm.com\/tr\/wp-content\/uploads\/2016\/04\/8saniye-bg-1500x630-1-1030x433.png 1030w, https:\/\/galatafilm.com\/tr\/wp-content\/uploads\/2016\/04\/8saniye-bg-1500x630-1-705x296.png 705w, https:\/\/galatafilm.com\/tr\/wp-content\/uploads\/2016\/04\/8saniye-bg-1500x630-1-450x189.png 450w\" sizes=\"auto, (max-width: 1500px) 100vw, 1500px\" \/><\/a><\/div><footer class=\"entry-footer\"><\/footer><\/article><\/div><div data-ajax-id='106' class=' grid-entry flex_column isotope-item all_sort no_margin post-entry post-entry-106 grid-entry-overview grid-loop-5 grid-parity-odd  tamamlanan-projeler_sort  av_fullwidth first special_av_fullwidth '><article class='main_color inner-entry'  itemscope=\"itemscope\" itemtype=\"https:\/\/schema.org\/CreativeWork\" ><div class='av_table_col first portfolio-entry grid-content'><header class=\"entry-content-header\"><h2 class='portfolio-grid-title entry-title'  itemprop=\"headline\" ><a href='https:\/\/galatafilm.com\/tr\/portfolio-item\/gecenin-kiz-kardesligi\/'>GECEN\u0130N KIZ KARDE\u015eL\u0130\u011e\u0130<\/a><\/h2><\/header><div class='entry-content-wrapper'><div class='grid-entry-excerpt entry-content'  itemprop=\"text\" >Gecenin K\u0131z Karde\u015fli\u011fi, ya\u015fam\u0131m\u0131zda art\u0131k hep var olacak internet \u00e7a\u011f\u0131 i\u00e7inde yeti\u015fmekte olan ve ergenlik d\u00f6nemlerinde ya\u015fad\u0131klar\u0131 traji-komik olaylar kar\u015f\u0131s\u0131nda, kendi yaln\u0131zl\u0131klar\u0131na k\u0131\u015fk\u0131rt\u0131c\u0131 ve e\u015fsiz bir alternatif yaratmaya \u00e7al\u0131\u015fan \u00fc\u00e7 gen\u00e7 k\u0131z\u0131n, ihanet ve dostluk ikilemi aras\u0131ndaki \u00f6yk\u00fcs\u00fcd\u00fcr.<\/div><\/div><div class=\"avia-arrow\"><\/div><\/div><div class='av_table_col portfolio-grid-image'><a href='https:\/\/galatafilm.com\/tr\/portfolio-item\/gecenin-kiz-kardesligi\/' title='GECEN\u0130N KIZ KARDE\u015eL\u0130\u011e\u0130'  data-rel='grid-1' class='grid-image avia-hover-fx'><img loading=\"lazy\" decoding=\"async\" width=\"1500\" height=\"630\" src=\"https:\/\/galatafilm.com\/tr\/wp-content\/uploads\/2015\/10\/gecenin-kiz-kardesligi-bg-v4-1500x630-1.png\" class=\"attachment-featured_large size-featured_large wp-post-image\" alt=\"\" srcset=\"https:\/\/galatafilm.com\/tr\/wp-content\/uploads\/2015\/10\/gecenin-kiz-kardesligi-bg-v4-1500x630-1.png 1500w, https:\/\/galatafilm.com\/tr\/wp-content\/uploads\/2015\/10\/gecenin-kiz-kardesligi-bg-v4-1500x630-1-300x126.png 300w, https:\/\/galatafilm.com\/tr\/wp-content\/uploads\/2015\/10\/gecenin-kiz-kardesligi-bg-v4-1500x630-1-768x323.png 768w, https:\/\/galatafilm.com\/tr\/wp-content\/uploads\/2015\/10\/gecenin-kiz-kardesligi-bg-v4-1500x630-1-1030x433.png 1030w, https:\/\/galatafilm.com\/tr\/wp-content\/uploads\/2015\/10\/gecenin-kiz-kardesligi-bg-v4-1500x630-1-705x296.png 705w, https:\/\/galatafilm.com\/tr\/wp-content\/uploads\/2015\/10\/gecenin-kiz-kardesligi-bg-v4-1500x630-1-450x189.png 450w\" sizes=\"auto, (max-width: 1500px) 100vw, 1500px\" \/><\/a><\/div><footer class=\"entry-footer\"><\/footer><\/article><\/div><div data-ajax-id='105' class=' grid-entry flex_column isotope-item all_sort no_margin post-entry post-entry-105 grid-entry-overview grid-loop-6 grid-parity-even  tamamlanan-projeler_sort  av_fullwidth first special_av_fullwidth '><article class='main_color inner-entry'  itemscope=\"itemscope\" itemtype=\"https:\/\/schema.org\/CreativeWork\" ><div class='av_table_col first portfolio-entry grid-content'><header class=\"entry-content-header\"><h2 class='portfolio-grid-title entry-title'  itemprop=\"headline\" ><a href='https:\/\/galatafilm.com\/tr\/portfolio-item\/entelkoy-efekoye-karsi\/'>ENTELK\u00d6Y EFEK\u00d6Y'E KAR\u015eI<\/a><\/h2><\/header><div class='entry-content-wrapper'><div class='grid-entry-excerpt entry-content'  itemprop=\"text\" >\u201cEntel K\u00f6y\u201d, bir grup ekolojik aktivistin, m\u00fctevazi bir Ege k\u00f6y\u00fcne yerle\u015ferek, orada kurulmas\u0131 g\u00fcndemde olan Termik Santrali engelleme \u00e7abalar\u0131n\u0131n neticesinde, ya\u015famaya ba\u015flad\u0131klar\u0131 yerin sakinleri olan, k\u00f6yl\u00fcler ile aralar\u0131nda ge\u00e7en komik ve \u00e7arp\u0131c\u0131 olaylar\u0131n \u00f6yk\u00fcs\u00fcd\u00fcr.<\/div><\/div><div class=\"avia-arrow\"><\/div><\/div><div class='av_table_col portfolio-grid-image'><a href='https:\/\/galatafilm.com\/tr\/portfolio-item\/entelkoy-efekoye-karsi\/' title='ENTELK\u00d6Y EFEK\u00d6Y&#039;E KAR\u015eI'  data-rel='grid-1' class='grid-image avia-hover-fx'><img loading=\"lazy\" decoding=\"async\" width=\"1500\" height=\"630\" src=\"https:\/\/galatafilm.com\/tr\/wp-content\/uploads\/2015\/10\/entelkoy-efekoye-karsi-bg-v2-1500x630-1.png\" class=\"attachment-featured_large size-featured_large wp-post-image\" alt=\"\" srcset=\"https:\/\/galatafilm.com\/tr\/wp-content\/uploads\/2015\/10\/entelkoy-efekoye-karsi-bg-v2-1500x630-1.png 1500w, https:\/\/galatafilm.com\/tr\/wp-content\/uploads\/2015\/10\/entelkoy-efekoye-karsi-bg-v2-1500x630-1-300x126.png 300w, https:\/\/galatafilm.com\/tr\/wp-content\/uploads\/2015\/10\/entelkoy-efekoye-karsi-bg-v2-1500x630-1-768x323.png 768w, https:\/\/galatafilm.com\/tr\/wp-content\/uploads\/2015\/10\/entelkoy-efekoye-karsi-bg-v2-1500x630-1-1030x433.png 1030w, https:\/\/galatafilm.com\/tr\/wp-content\/uploads\/2015\/10\/entelkoy-efekoye-karsi-bg-v2-1500x630-1-705x296.png 705w, https:\/\/galatafilm.com\/tr\/wp-content\/uploads\/2015\/10\/entelkoy-efekoye-karsi-bg-v2-1500x630-1-450x189.png 450w\" sizes=\"auto, (max-width: 1500px) 100vw, 1500px\" \/><\/a><\/div><footer class=\"entry-footer\"><\/footer><\/article><\/div><div data-ajax-id='94' class=' grid-entry flex_column isotope-item all_sort no_margin post-entry post-entry-94 grid-entry-overview grid-loop-7 grid-parity-odd  tamamlanan-projeler_sort  av_fullwidth first special_av_fullwidth '><article class='main_color inner-entry'  itemscope=\"itemscope\" itemtype=\"https:\/\/schema.org\/CreativeWork\" ><div class='av_table_col first portfolio-entry grid-content'><header class=\"entry-content-header\"><h2 class='portfolio-grid-title entry-title'  itemprop=\"headline\" ><a href='https:\/\/galatafilm.com\/tr\/portfolio-item\/will\/'>WILL<\/a><\/h2><\/header><div class='entry-content-wrapper'><div class='grid-entry-excerpt entry-content'  itemprop=\"text\" >11 ya\u015f\u0131ndaki Will Brennan, futbol tak\u0131m\u0131 Liverpool\u2019un d\u00fcnyadaki en b\u00fcy\u00fck hayran\u0131d\u0131r. Will\u2019in futbola olan a\u015fk\u0131 ve futbolla ilgili bilgisi \u0130ngiltere\u2019de okudu\u011fu erkek okulundaki futbol tak\u0131nt\u0131l\u0131 arkada\u015flar\u0131n\u0131 bile g\u00f6lgede b\u0131rak\u0131r.<\/div><\/div><div class=\"avia-arrow\"><\/div><\/div><div class='av_table_col portfolio-grid-image'><a href='https:\/\/galatafilm.com\/tr\/portfolio-item\/will\/' title='WILL'  data-rel='grid-1' class='grid-image avia-hover-fx'><img loading=\"lazy\" decoding=\"async\" width=\"1500\" height=\"630\" src=\"https:\/\/galatafilm.com\/tr\/wp-content\/uploads\/2015\/10\/will-bg-v2-1-1500x630-1.png\" class=\"attachment-featured_large size-featured_large wp-post-image\" alt=\"\" srcset=\"https:\/\/galatafilm.com\/tr\/wp-content\/uploads\/2015\/10\/will-bg-v2-1-1500x630-1.png 1500w, https:\/\/galatafilm.com\/tr\/wp-content\/uploads\/2015\/10\/will-bg-v2-1-1500x630-1-300x126.png 300w, https:\/\/galatafilm.com\/tr\/wp-content\/uploads\/2015\/10\/will-bg-v2-1-1500x630-1-768x323.png 768w, https:\/\/galatafilm.com\/tr\/wp-content\/uploads\/2015\/10\/will-bg-v2-1-1500x630-1-1030x433.png 1030w, https:\/\/galatafilm.com\/tr\/wp-content\/uploads\/2015\/10\/will-bg-v2-1-1500x630-1-705x296.png 705w, https:\/\/galatafilm.com\/tr\/wp-content\/uploads\/2015\/10\/will-bg-v2-1-1500x630-1-450x189.png 450w\" sizes=\"auto, (max-width: 1500px) 100vw, 1500px\" \/><\/a><\/div><footer class=\"entry-footer\"><\/footer><\/article><\/div><div data-ajax-id='103' class=' grid-entry flex_column isotope-item all_sort no_margin post-entry post-entry-103 grid-entry-overview grid-loop-8 grid-parity-even  post-entry-last  tamamlanan-projeler_sort  av_fullwidth first special_av_fullwidth '><article class='main_color inner-entry'  itemscope=\"itemscope\" itemtype=\"https:\/\/schema.org\/CreativeWork\" ><div class='av_table_col first portfolio-entry grid-content'><header class=\"entry-content-header\"><h2 class='portfolio-grid-title entry-title'  itemprop=\"headline\" ><a href='https:\/\/galatafilm.com\/tr\/portfolio-item\/anadolunun-kayip-sarkilari\/'>ANADOLU'NUN KAYIP \u015eARKILARI<\/a><\/h2><\/header><div class='entry-content-wrapper'><div class='grid-entry-excerpt entry-content'  itemprop=\"text\" >Bundan 7 y\u0131l \u00f6nce Nezih \u00dcnen, kurdu\u011fu ekiple Anadolu yollar\u0131na \u00e7\u0131karken b\u00f6ylesine b\u00fcy\u00fck bir i\u015fe kalk\u0131\u015ft\u0131\u011f\u0131n\u0131 bilemezdi.\r\n\r\nO anda tek d\u00fc\u015f\u00fcnd\u00fc\u011f\u00fc, Anadolu'yu kameralar ve mikrofonlarla dola\u015f\u0131p, modernize edece\u011fi t\u00fcrk\u00fcler kaydetmekti. Bu turu tamamlad\u0131ktan sonra da \u0130stanbul'daki st\u00fcdyosuna d\u00f6n\u00fcp, e\u015fsiz Anadolu m\u00fcziklerini modern ya\u015fama kazand\u0131rabilece\u011fi bir film ve bunun alb\u00fcm\u00fcn\u00fc yapacakt\u0131.<\/div><\/div><div class=\"avia-arrow\"><\/div><\/div><div class='av_table_col portfolio-grid-image'><a href='https:\/\/galatafilm.com\/tr\/portfolio-item\/anadolunun-kayip-sarkilari\/' title='ANADOLU&#039;NUN KAYIP \u015eARKILARI'  data-rel='grid-1' class='grid-image avia-hover-fx'><img loading=\"lazy\" decoding=\"async\" width=\"1500\" height=\"630\" src=\"https:\/\/galatafilm.com\/tr\/wp-content\/uploads\/2015\/10\/anadolunun-kayip-sarkilari-v2-1-1500x630-1.png\" class=\"attachment-featured_large size-featured_large wp-post-image\" alt=\"\" srcset=\"https:\/\/galatafilm.com\/tr\/wp-content\/uploads\/2015\/10\/anadolunun-kayip-sarkilari-v2-1-1500x630-1.png 1500w, https:\/\/galatafilm.com\/tr\/wp-content\/uploads\/2015\/10\/anadolunun-kayip-sarkilari-v2-1-1500x630-1-300x126.png 300w, https:\/\/galatafilm.com\/tr\/wp-content\/uploads\/2015\/10\/anadolunun-kayip-sarkilari-v2-1-1500x630-1-768x323.png 768w, https:\/\/galatafilm.com\/tr\/wp-content\/uploads\/2015\/10\/anadolunun-kayip-sarkilari-v2-1-1500x630-1-1030x433.png 1030w, https:\/\/galatafilm.com\/tr\/wp-content\/uploads\/2015\/10\/anadolunun-kayip-sarkilari-v2-1-1500x630-1-705x296.png 705w, https:\/\/galatafilm.com\/tr\/wp-content\/uploads\/2015\/10\/anadolunun-kayip-sarkilari-v2-1-1500x630-1-450x189.png 450w\" sizes=\"auto, (max-width: 1500px) 100vw, 1500px\" \/><\/a><\/div><footer class=\"entry-footer\"><\/footer><\/article><\/div><\/div>\n","protected":false},"excerpt":{"rendered":"","protected":false},"author":1,"featured_media":0,"parent":0,"menu_order":0,"comment_status":"closed","ping_status":"closed","template":"","meta":{"footnotes":""},"class_list":["post-847","page","type-page","status-publish","hentry"],"_links":{"self":[{"href":"https:\/\/galatafilm.com\/tr\/wp-json\/wp\/v2\/pages\/847","targetHints":{"allow":["GET"]}}],"collection":[{"href":"https:\/\/galatafilm.com\/tr\/wp-json\/wp\/v2\/pages"}],"about":[{"href":"https:\/\/galatafilm.com\/tr\/wp-json\/wp\/v2\/types\/page"}],"author":[{"embeddable":true,"href":"https:\/\/galatafilm.com\/tr\/wp-json\/wp\/v2\/users\/1"}],"replies":[{"embeddable":true,"href":"https:\/\/galatafilm.com\/tr\/wp-json\/wp\/v2\/comments?post=847"}],"version-history":[{"count":1,"href":"https:\/\/galatafilm.com\/tr\/wp-json\/wp\/v2\/pages\/847\/revisions"}],"predecessor-version":[{"id":848,"href":"https:\/\/galatafilm.com\/tr\/wp-json\/wp\/v2\/pages\/847\/revisions\/848"}],"wp:attachment":[{"href":"https:\/\/galatafilm.com\/tr\/wp-json\/wp\/v2\/media?parent=847"}],"curies":[{"name":"wp","href":"https:\/\/api.w.org\/{rel}","templated":true}]}}